{"id":4775,"date":"2025-04-07T05:39:19","date_gmt":"2025-04-07T05:39:19","guid":{"rendered":"https:\/\/dev.digitalible.net\/arcadia1\/catalogo\/enterizo-para-triatlon-de-nino\/"},"modified":"2025-04-07T05:39:20","modified_gmt":"2025-04-07T05:39:20","slug":"enterizo-para-triatlon-de-nino","status":"publish","type":"product","link":"https:\/\/dev.digitalible.net\/arcadia1\/catalogo\/enterizos\/enterizo-para-triatlon-de-nino\/","title":{"rendered":"ENTERIZO PARA TRIATL\u00d3N DE NI\u00d1O"},"content":{"rendered":"<p>ENTERIZO PARA TRIATL\u00d3N DE NI\u00d1O<\/p>\n","protected":false},"excerpt":{"rendered":"<p>Indumentaria deportiva de alto rendimiento.<\/p>\n","protected":false},"featured_media":4761,"comment_status":"open","ping_status":"closed","template":"","meta":{"_et_pb_use_builder":"","_et_pb_old_content":"","_et_gb_content_width":""},"product_brand":[],"product_cat":[34],"product_tag":[],"class_list":{"0":"post-4775","1":"product","2":"type-product","3":"status-publish","4":"has-post-thumbnail","6":"product_cat-enterizos","8":"first","9":"instock","10":"shipping-taxable","11":"purchasable","12":"product-type-simple"},"_links":{"self":[{"href":"https:\/\/dev.digitalible.net\/arcadia1\/wp-json\/wp\/v2\/product\/4775","targetHints":{"allow":["GET"]}}],"collection":[{"href":"https:\/\/dev.digitalible.net\/arcadia1\/wp-json\/wp\/v2\/product"}],"about":[{"href":"https:\/\/dev.digitalible.net\/arcadia1\/wp-json\/wp\/v2\/types\/product"}],"replies":[{"embeddable":true,"href":"https:\/\/dev.digitalible.net\/arcadia1\/wp-json\/wp\/v2\/comments?post=4775"}],"wp:featuredmedia":[{"embeddable":true,"href":"https:\/\/dev.digitalible.net\/arcadia1\/wp-json\/wp\/v2\/media\/4761"}],"wp:attachment":[{"href":"https:\/\/dev.digitalible.net\/arcadia1\/wp-json\/wp\/v2\/media?parent=4775"}],"wp:term":[{"taxonomy":"product_brand","embeddable":true,"href":"https:\/\/dev.digitalible.net\/arcadia1\/wp-json\/wp\/v2\/product_brand?post=4775"},{"taxonomy":"product_cat","embeddable":true,"href":"https:\/\/dev.digitalible.net\/arcadia1\/wp-json\/wp\/v2\/product_cat?post=4775"},{"taxonomy":"product_tag","embeddable":true,"href":"https:\/\/dev.digitalible.net\/arcadia1\/wp-json\/wp\/v2\/product_tag?post=4775"}],"curies":[{"name":"wp","href":"https:\/\/api.w.org\/{rel}","templated":true}]}}